{"id":6588,"date":"2020-08-11T14:14:21","date_gmt":"2020-08-11T12:14:21","guid":{"rendered":"https:\/\/lagar.vamtam.com\/?post_type=product&#038;p=6588"},"modified":"2024-07-11T10:20:52","modified_gmt":"2024-07-11T08:20:52","slug":"chateau-des-trois-sautets-blanc-2021","status":"publish","type":"product","link":"https:\/\/www.chateaudestroissautets.com\/en\/product\/chateau-des-trois-sautets-blanc-2021\/","title":{"rendered":"Ch\u00e2teau des Trois Sautets \u2013 White 2022"},"content":{"rendered":"<div data-elementor-type=\"product-post\" data-elementor-id=\"6588\" class=\"elementor elementor-6588\" data-elementor-post-type=\"product\">\n\t\t\t\t\t\t<section class=\"elementor-section elementor-top-section elementor-element elementor-element-4a724e9 elementor-section-boxed elementor-section-height-default elementor-section-height-default\" data-id=\"4a724e9\" data-element_type=\"section\" data-e-type=\"section\">\n\t\t\t\t\t\t<div class=\"elementor-container elementor-column-gap-default\">\n\t\t\t\t\t<div class=\"elementor-column elementor-col-100 elementor-top-column elementor-element elementor-element-47444e8\" data-id=\"47444e8\" data-element_type=\"column\" data-e-type=\"column\">\n\t\t\t<div class=\"elementor-widget-wrap elementor-element-populated\">\n\t\t\t\t\t\t<div class=\"elementor-element elementor-element-a41be55 elementor-widget elementor-widget-heading\" data-id=\"a41be55\" data-element_type=\"widget\" data-e-type=\"widget\" data-widget_type=\"heading.default\">\n\t\t\t\t<div class=\"elementor-widget-container\">\n\t\t\t\t\t<h5 class=\"elementor-heading-title elementor-size-default\">Characteristics<\/h5>\t\t\t\t<\/div>\n\t\t\t\t<\/div>\n\t\t\t\t<div class=\"elementor-element elementor-element-b683a2a elementor-widget elementor-widget-text-editor\" data-id=\"b683a2a\" data-element_type=\"widget\" data-e-type=\"widget\" data-widget_type=\"text-editor.default\">\n\t\t\t\t<div class=\"elementor-widget-container\">\n\t\t\t\t\t\t\t\t\t<p><strong>Fermentation:<\/strong>&nbsp;18 Days<br><b style=\"color: var( --e-global-color-vamtam_accent_2 ); letter-spacing: var(--vamtam-primary-font-letter-spacing-desktop,normal); text-transform: var(--vamtam-primary-font-transform,none);\">Grape varieties:<\/b> (Main) <span style=\"color: var( --e-global-color-vamtam_accent_2 ); letter-spacing: var(--vamtam-primary-font-letter-spacing-desktop,normal); text-transform: var(--vamtam-primary-font-transform,none);\">Clairette, Bourboulenc (Secondary), Ugni-blanc, Grenache blanc, Muscat petit grains<\/span><span style=\"color: var( --e-global-color-vamtam_accent_2 ); letter-spacing: var(--vamtam-primary-font-letter-spacing-desktop,normal); text-transform: var(--vamtam-primary-font-transform,none);\"><br><strong>Suggested serving temperature:<\/strong> 12\u00b0C<br><\/span><strong style=\"color: var( --e-global-color-vamtam_accent_2 ); letter-spacing: var(--vamtam-primary-font-letter-spacing-desktop,normal); text-transform: var(--vamtam-primary-font-transform,none);\">Alcohol :<\/strong><span style=\"color: var( --e-global-color-vamtam_accent_2 ); letter-spacing: var(--vamtam-primary-font-letter-spacing-desktop,normal); text-transform: var(--vamtam-primary-font-transform,none);\"> 12%<\/span><\/p>\n<p><span style=\"color: #339966;\">Certified organic farming<\/span><\/p>\t\t\t\t\t\t\t\t<\/div>\n\t\t\t\t<\/div>\n\t\t\t\t<div class=\"elementor-element elementor-element-e06087e elementor-widget elementor-widget-heading\" data-id=\"e06087e\" data-element_type=\"widget\" data-e-type=\"widget\" data-widget_type=\"heading.default\">\n\t\t\t\t<div class=\"elementor-widget-container\">\n\t\t\t\t\t<h5 class=\"elementor-heading-title elementor-size-default\">Vinification<\/h5>\t\t\t\t<\/div>\n\t\t\t\t<\/div>\n\t\t\t\t<div class=\"elementor-element elementor-element-17cc2e8 elementor-widget elementor-widget-text-editor\" data-id=\"17cc2e8\" data-element_type=\"widget\" data-e-type=\"widget\" data-widget_type=\"text-editor.default\">\n\t\t\t\t<div class=\"elementor-widget-container\">\n\t\t\t\t\t\t\t\t\t<p>A careful sorting of the harvest is carried out when the grapes are picked and received.<\/p>\n<p>Skin maceration for a few hours in an inert atmosphere before pressing.<\/p>\n<p>Gentle pneumatic pressing with selection of the first juices.<\/p>\n<p>Thermo-regulated fermentation between 14 and 16\u00b0C, followed by Malolactic fermentation for half of our vats.<\/p>\n<p>Aging in oak barrels of a few vats until bottling.<\/p>\t\t\t\t\t\t\t\t<\/div>\n\t\t\t\t<\/div>\n\t\t\t\t<section class=\"elementor-section elementor-inner-section elementor-element elementor-element-074212b elementor-section-boxed elementor-section-height-default elementor-section-height-default\" data-id=\"074212b\" data-element_type=\"section\" data-e-type=\"section\">\n\t\t\t\t\t\t<div class=\"elementor-container elementor-column-gap-default\">\n\t\t\t\t\t<div class=\"elementor-column elementor-col-100 elementor-inner-column elementor-element elementor-element-4bac080\" data-id=\"4bac080\" data-element_type=\"column\" data-e-type=\"column\">\n\t\t\t<div class=\"elementor-widget-wrap elementor-element-populated\">\n\t\t\t\t\t\t<div class=\"elementor-element elementor-element-d5abab3 elementor-widget__width-initial elementor-widget-mobile__width-initial elementor-fixed elementor-hidden-tablet elementor-hidden-phone elementor-widget elementor-widget-image\" data-id=\"d5abab3\" data-element_type=\"widget\" data-e-type=\"widget\" data-settings=\"{&quot;_position&quot;:&quot;fixed&quot;}\" data-widget_type=\"image.default\">\n\t\t\t\t<div class=\"elementor-widget-container\">\n\t\t\t\t\t\t\t\t\t<div class=\"elementor-image\">\n\t\t\t\t\t\t\t\t\t\t\t\t\t\t\t\t\t\t\t\t\t<img decoding=\"async\" src=\"https:\/\/lagar.vamtam.com\/wp-content\/uploads\/2020\/08\/blueberry-transparent.png\" title=\"\" alt=\"\" loading=\"lazy\" \/>\t\t\t\t\t\t\t\t\t\t\t\t\t\t\t\t\t\t\t\t\t\t\t\t<\/div>\n\t\t\t\t\t\t\t\t<\/div>\n\t\t\t\t<\/div>\n\t\t\t\t\t<\/div>\n\t\t<\/div>\n\t\t\t\t\t<\/div>\n\t\t<\/section>\n\t\t\t\t\t<\/div>\n\t\t<\/div>\n\t\t\t\t\t<\/div>\n\t\t<\/section>\n\t\t\t\t<\/div>","protected":false},"excerpt":{"rendered":"<p><span style=\"vertical-align: inherit;\"><span style=\"vertical-align: inherit;\">Expressive nose, with aromas of white fruits and citrus fruits (vine peach, grapefruit).<\/span><\/span><\/p>\n<p><span style=\"vertical-align: inherit;\"><span style=\"vertical-align: inherit;\">Volume and length on the palate, with a general balance that maintains freshness.<\/span><\/span><\/p>","protected":false},"featured_media":989520,"comment_status":"closed","ping_status":"closed","template":"","meta":[],"product_brand":[],"product_cat":[52],"product_tag":[50],"class_list":{"0":"post-6588","1":"product","2":"type-product","3":"status-publish","4":"has-post-thumbnail","6":"product_cat-blanc","7":"product_tag-blanc","9":"first","10":"instock","11":"shipping-taxable","12":"purchasable","13":"product-type-simple"},"yoast_head":"<!-- This site is optimized with the Yoast SEO plugin v26.9 - https:\/\/yoast.com\/product\/yoast-seo-wordpress\/ -->\n<title>Ch\u00e2teau des Trois Sautets - Blanc 2022 - Ch\u00e2teau des Trois Sautets<\/title>\n<meta name=\"robots\" content=\"index, follow, max-snippet:-1, max-image-preview:large, max-video-preview:-1\" \/>\n<link rel=\"canonical\" href=\"https:\/\/www.chateaudestroissautets.com\/en\/product\/chateau-des-trois-sautets-blanc-2021\/\" \/>\n<meta property=\"og:locale\" content=\"en_US\" \/>\n<meta property=\"og:type\" content=\"article\" \/>\n<meta property=\"og:title\" content=\"Ch\u00e2teau des Trois Sautets - Blanc 2022 - Ch\u00e2teau des Trois Sautets\" \/>\n<meta property=\"og:description\" content=\"Nez expressif, sur des ar\u00f4mes de fruits blancs et d&#039;agrumes (p\u00eache de vigne, pamplemousse).  Du volume et de la longueur en bouche, avec un \u00e9quilibre g\u00e9n\u00e9ral qui conserve la fra\u00eecheur.\" \/>\n<meta property=\"og:url\" content=\"https:\/\/www.chateaudestroissautets.com\/en\/product\/chateau-des-trois-sautets-blanc-2021\/\" \/>\n<meta property=\"og:site_name\" content=\"Ch\u00e2teau des Trois Sautets\" \/>\n<meta property=\"article:modified_time\" content=\"2024-07-11T08:20:52+00:00\" \/>\n<meta property=\"og:image\" content=\"https:\/\/www.chateaudestroissautets.com\/wp-content\/uploads\/2020\/08\/BLANC-PNG.png\" \/>\n\t<meta property=\"og:image:width\" content=\"368\" \/>\n\t<meta property=\"og:image:height\" content=\"679\" \/>\n\t<meta property=\"og:image:type\" content=\"image\/png\" \/>\n<meta name=\"twitter:card\" content=\"summary_large_image\" \/>\n<meta name=\"twitter:label1\" content=\"Est. reading time\" \/>\n\t<meta name=\"twitter:data1\" content=\"1 minute\" \/>\n<script type=\"application\/ld+json\" class=\"yoast-schema-graph\">{\"@context\":\"https:\/\/schema.org\",\"@graph\":[{\"@type\":\"WebPage\",\"@id\":\"https:\/\/www.chateaudestroissautets.com\/produit\/chateau-des-trois-sautets-blanc-2021\/\",\"url\":\"https:\/\/www.chateaudestroissautets.com\/produit\/chateau-des-trois-sautets-blanc-2021\/\",\"name\":\"Ch\u00e2teau des Trois Sautets - Blanc 2022 - Ch\u00e2teau des Trois Sautets\",\"isPartOf\":{\"@id\":\"https:\/\/www.chateaudestroissautets.com\/#website\"},\"primaryImageOfPage\":{\"@id\":\"https:\/\/www.chateaudestroissautets.com\/produit\/chateau-des-trois-sautets-blanc-2021\/#primaryimage\"},\"image\":{\"@id\":\"https:\/\/www.chateaudestroissautets.com\/produit\/chateau-des-trois-sautets-blanc-2021\/#primaryimage\"},\"thumbnailUrl\":\"https:\/\/www.chateaudestroissautets.com\/wp-content\/uploads\/2020\/08\/BLANC-PNG.png\",\"datePublished\":\"2020-08-11T12:14:21+00:00\",\"dateModified\":\"2024-07-11T08:20:52+00:00\",\"breadcrumb\":{\"@id\":\"https:\/\/www.chateaudestroissautets.com\/produit\/chateau-des-trois-sautets-blanc-2021\/#breadcrumb\"},\"inLanguage\":\"en-US\",\"potentialAction\":[{\"@type\":\"ReadAction\",\"target\":[\"https:\/\/www.chateaudestroissautets.com\/produit\/chateau-des-trois-sautets-blanc-2021\/\"]}]},{\"@type\":\"ImageObject\",\"inLanguage\":\"en-US\",\"@id\":\"https:\/\/www.chateaudestroissautets.com\/produit\/chateau-des-trois-sautets-blanc-2021\/#primaryimage\",\"url\":\"https:\/\/www.chateaudestroissautets.com\/wp-content\/uploads\/2020\/08\/BLANC-PNG.png\",\"contentUrl\":\"https:\/\/www.chateaudestroissautets.com\/wp-content\/uploads\/2020\/08\/BLANC-PNG.png\",\"width\":368,\"height\":679,\"caption\":\"D\u00e9gustation de Blanc AOP Palette \u00e0 Aix en Provence\"},{\"@type\":\"BreadcrumbList\",\"@id\":\"https:\/\/www.chateaudestroissautets.com\/produit\/chateau-des-trois-sautets-blanc-2021\/#breadcrumb\",\"itemListElement\":[{\"@type\":\"ListItem\",\"position\":1,\"name\":\"Accueil\",\"item\":\"https:\/\/www.chateaudestroissautets.com\/\"},{\"@type\":\"ListItem\",\"position\":2,\"name\":\"Boutique\",\"item\":\"https:\/\/www.chateaudestroissautets.com\/boutique\/\"},{\"@type\":\"ListItem\",\"position\":3,\"name\":\"Ch\u00e2teau des Trois Sautets &#8211; Blanc 2022\"}]},{\"@type\":\"WebSite\",\"@id\":\"https:\/\/www.chateaudestroissautets.com\/#website\",\"url\":\"https:\/\/www.chateaudestroissautets.com\/\",\"name\":\"Ch\u00e2teau des Trois Sautets\",\"description\":\"AOC Palette\",\"publisher\":{\"@id\":\"https:\/\/www.chateaudestroissautets.com\/#organization\"},\"potentialAction\":[{\"@type\":\"SearchAction\",\"target\":{\"@type\":\"EntryPoint\",\"urlTemplate\":\"https:\/\/www.chateaudestroissautets.com\/?s={search_term_string}\"},\"query-input\":{\"@type\":\"PropertyValueSpecification\",\"valueRequired\":true,\"valueName\":\"search_term_string\"}}],\"inLanguage\":\"en-US\"},{\"@type\":\"Organization\",\"@id\":\"https:\/\/www.chateaudestroissautets.com\/#organization\",\"name\":\"Ch\u00e2teau des Trois Sautets\",\"url\":\"https:\/\/www.chateaudestroissautets.com\/\",\"logo\":{\"@type\":\"ImageObject\",\"inLanguage\":\"en-US\",\"@id\":\"https:\/\/www.chateaudestroissautets.com\/#\/schema\/logo\/image\/\",\"url\":\"https:\/\/www.chateaudestroissautets.com\/wp-content\/uploads\/2021\/07\/logo-1.png\",\"contentUrl\":\"https:\/\/www.chateaudestroissautets.com\/wp-content\/uploads\/2021\/07\/logo-1.png\",\"width\":248,\"height\":112,\"caption\":\"Ch\u00e2teau des Trois Sautets\"},\"image\":{\"@id\":\"https:\/\/www.chateaudestroissautets.com\/#\/schema\/logo\/image\/\"},\"sameAs\":[\"https:\/\/www.instagram.com\/chateaudes3sautets\/\"]}]}<\/script>\n<!-- \/ Yoast SEO plugin. -->","yoast_head_json":{"title":"Ch\u00e2teau des Trois Sautets - White 2022 - Ch\u00e2teau des Trois Sautets","robots":{"index":"index","follow":"follow","max-snippet":"max-snippet:-1","max-image-preview":"max-image-preview:large","max-video-preview":"max-video-preview:-1"},"canonical":"https:\/\/www.chateaudestroissautets.com\/en\/product\/chateau-des-trois-sautets-blanc-2021\/","og_locale":"en_US","og_type":"article","og_title":"Ch\u00e2teau des Trois Sautets - Blanc 2022 - Ch\u00e2teau des Trois Sautets","og_description":"Nez expressif, sur des ar\u00f4mes de fruits blancs et d'agrumes (p\u00eache de vigne, pamplemousse).  Du volume et de la longueur en bouche, avec un \u00e9quilibre g\u00e9n\u00e9ral qui conserve la fra\u00eecheur.","og_url":"https:\/\/www.chateaudestroissautets.com\/en\/product\/chateau-des-trois-sautets-blanc-2021\/","og_site_name":"Ch\u00e2teau des Trois Sautets","article_modified_time":"2024-07-11T08:20:52+00:00","og_image":[{"width":368,"height":679,"url":"https:\/\/www.chateaudestroissautets.com\/wp-content\/uploads\/2020\/08\/BLANC-PNG.png","type":"image\/png"}],"twitter_card":"summary_large_image","twitter_misc":{"Est. reading time":"1 minute"},"schema":{"@context":"https:\/\/schema.org","@graph":[{"@type":"WebPage","@id":"https:\/\/www.chateaudestroissautets.com\/produit\/chateau-des-trois-sautets-blanc-2021\/","url":"https:\/\/www.chateaudestroissautets.com\/produit\/chateau-des-trois-sautets-blanc-2021\/","name":"Ch\u00e2teau des Trois Sautets - White 2022 - Ch\u00e2teau des Trois Sautets","isPartOf":{"@id":"https:\/\/www.chateaudestroissautets.com\/#website"},"primaryImageOfPage":{"@id":"https:\/\/www.chateaudestroissautets.com\/produit\/chateau-des-trois-sautets-blanc-2021\/#primaryimage"},"image":{"@id":"https:\/\/www.chateaudestroissautets.com\/produit\/chateau-des-trois-sautets-blanc-2021\/#primaryimage"},"thumbnailUrl":"https:\/\/www.chateaudestroissautets.com\/wp-content\/uploads\/2020\/08\/BLANC-PNG.png","datePublished":"2020-08-11T12:14:21+00:00","dateModified":"2024-07-11T08:20:52+00:00","breadcrumb":{"@id":"https:\/\/www.chateaudestroissautets.com\/produit\/chateau-des-trois-sautets-blanc-2021\/#breadcrumb"},"inLanguage":"en-US","potentialAction":[{"@type":"ReadAction","target":["https:\/\/www.chateaudestroissautets.com\/produit\/chateau-des-trois-sautets-blanc-2021\/"]}]},{"@type":"ImageObject","inLanguage":"en-US","@id":"https:\/\/www.chateaudestroissautets.com\/produit\/chateau-des-trois-sautets-blanc-2021\/#primaryimage","url":"https:\/\/www.chateaudestroissautets.com\/wp-content\/uploads\/2020\/08\/BLANC-PNG.png","contentUrl":"https:\/\/www.chateaudestroissautets.com\/wp-content\/uploads\/2020\/08\/BLANC-PNG.png","width":368,"height":679,"caption":"D\u00e9gustation de Blanc AOP Palette \u00e0 Aix en Provence"},{"@type":"BreadcrumbList","@id":"https:\/\/www.chateaudestroissautets.com\/produit\/chateau-des-trois-sautets-blanc-2021\/#breadcrumb","itemListElement":[{"@type":"ListItem","position":1,"name":"Accueil","item":"https:\/\/www.chateaudestroissautets.com\/"},{"@type":"ListItem","position":2,"name":"Boutique","item":"https:\/\/www.chateaudestroissautets.com\/boutique\/"},{"@type":"ListItem","position":3,"name":"Ch\u00e2teau des Trois Sautets &#8211; Blanc 2022"}]},{"@type":"WebSite","@id":"https:\/\/www.chateaudestroissautets.com\/#website","url":"https:\/\/www.chateaudestroissautets.com\/","name":"Ch\u00e2teau des Trois Sautets","description":"AOC Palette","publisher":{"@id":"https:\/\/www.chateaudestroissautets.com\/#organization"},"potentialAction":[{"@type":"SearchAction","target":{"@type":"EntryPoint","urlTemplate":"https:\/\/www.chateaudestroissautets.com\/?s={search_term_string}"},"query-input":{"@type":"PropertyValueSpecification","valueRequired":true,"valueName":"search_term_string"}}],"inLanguage":"en-US"},{"@type":"Organization","@id":"https:\/\/www.chateaudestroissautets.com\/#organization","name":"Ch\u00e2teau des Trois Sautets","url":"https:\/\/www.chateaudestroissautets.com\/","logo":{"@type":"ImageObject","inLanguage":"en-US","@id":"https:\/\/www.chateaudestroissautets.com\/#\/schema\/logo\/image\/","url":"https:\/\/www.chateaudestroissautets.com\/wp-content\/uploads\/2021\/07\/logo-1.png","contentUrl":"https:\/\/www.chateaudestroissautets.com\/wp-content\/uploads\/2021\/07\/logo-1.png","width":248,"height":112,"caption":"Ch\u00e2teau des Trois Sautets"},"image":{"@id":"https:\/\/www.chateaudestroissautets.com\/#\/schema\/logo\/image\/"},"sameAs":["https:\/\/www.instagram.com\/chateaudes3sautets\/"]}]}},"jetpack_sharing_enabled":true,"_links":{"self":[{"href":"https:\/\/www.chateaudestroissautets.com\/en\/wp-json\/wp\/v2\/product\/6588","targetHints":{"allow":["GET"]}}],"collection":[{"href":"https:\/\/www.chateaudestroissautets.com\/en\/wp-json\/wp\/v2\/product"}],"about":[{"href":"https:\/\/www.chateaudestroissautets.com\/en\/wp-json\/wp\/v2\/types\/product"}],"replies":[{"embeddable":true,"href":"https:\/\/www.chateaudestroissautets.com\/en\/wp-json\/wp\/v2\/comments?post=6588"}],"version-history":[{"count":0,"href":"https:\/\/www.chateaudestroissautets.com\/en\/wp-json\/wp\/v2\/product\/6588\/revisions"}],"wp:featuredmedia":[{"embeddable":true,"href":"https:\/\/www.chateaudestroissautets.com\/en\/wp-json\/wp\/v2\/media\/989520"}],"wp:attachment":[{"href":"https:\/\/www.chateaudestroissautets.com\/en\/wp-json\/wp\/v2\/media?parent=6588"}],"wp:term":[{"taxonomy":"product_brand","embeddable":true,"href":"https:\/\/www.chateaudestroissautets.com\/en\/wp-json\/wp\/v2\/product_brand?post=6588"},{"taxonomy":"product_cat","embeddable":true,"href":"https:\/\/www.chateaudestroissautets.com\/en\/wp-json\/wp\/v2\/product_cat?post=6588"},{"taxonomy":"product_tag","embeddable":true,"href":"https:\/\/www.chateaudestroissautets.com\/en\/wp-json\/wp\/v2\/product_tag?post=6588"}],"curies":[{"name":"wp","href":"https:\/\/api.w.org\/{rel}","templated":true}]}}