{"id":987855,"date":"2021-07-14T16:50:16","date_gmt":"2021-07-14T14:50:16","guid":{"rendered":"https:\/\/chateaudestroissautets.com\/?page_id=987855"},"modified":"2024-02-02T14:43:28","modified_gmt":"2024-02-02T13:43:28","slug":"vinification","status":"publish","type":"page","link":"https:\/\/www.chateaudestroissautets.com\/en\/vinification\/","title":{"rendered":"Vinification"},"content":{"rendered":"<div data-elementor-type=\"wp-page\" data-elementor-id=\"987855\" class=\"elementor elementor-987855\" data-elementor-post-type=\"page\">\n\t\t\t\t\t\t<section class=\"elementor-section elementor-top-section elementor-element elementor-element-06f4fe2 elementor-section-height-min-height elementor-section-content-bottom elementor-section-boxed elementor-section-height-default elementor-section-items-middle\" data-id=\"06f4fe2\" data-element_type=\"section\" data-e-type=\"section\" data-settings=\"{&quot;background_background&quot;:&quot;classic&quot;}\">\n\t\t\t\t\t\t\t<div class=\"elementor-background-overlay\"><\/div>\n\t\t\t\t\t\t\t<div class=\"elementor-container elementor-column-gap-default\">\n\t\t\t\t\t<div class=\"elementor-column elementor-col-100 elementor-top-column elementor-element elementor-element-3081e41\" data-id=\"3081e41\" data-element_type=\"column\" data-e-type=\"column\">\n\t\t\t<div class=\"elementor-widget-wrap elementor-element-populated\">\n\t\t\t\t\t\t<div class=\"elementor-element elementor-element-d66eded elementor-widget elementor-widget-heading\" data-id=\"d66eded\" data-element_type=\"widget\" data-e-type=\"widget\" data-widget_type=\"heading.default\">\n\t\t\t\t<div class=\"elementor-widget-container\">\n\t\t\t\t\t<h1 class=\"elementor-heading-title elementor-size-default\">Vinification<\/h1>\t\t\t\t<\/div>\n\t\t\t\t<\/div>\n\t\t\t\t\t<\/div>\n\t\t<\/div>\n\t\t\t\t\t<\/div>\n\t\t<\/section>\n\t\t\t\t<section class=\"elementor-section elementor-top-section elementor-element elementor-element-71c64b9 elementor-reverse-mobile elementor-section-boxed elementor-section-height-default elementor-section-height-default\" data-id=\"71c64b9\" data-element_type=\"section\" data-e-type=\"section\" data-settings=\"{&quot;background_background&quot;:&quot;classic&quot;}\">\n\t\t\t\t\t\t<div class=\"elementor-container elementor-column-gap-default\">\n\t\t\t\t\t<div class=\"elementor-column elementor-col-50 elementor-top-column elementor-element elementor-element-59b6ec7 animated-slow elementor-invisible\" data-id=\"59b6ec7\" data-element_type=\"column\" data-e-type=\"column\" data-settings=\"{&quot;animation&quot;:&quot;fadeIn&quot;}\">\n\t\t\t<div class=\"elementor-widget-wrap elementor-element-populated\">\n\t\t\t\t\t\t<div class=\"elementor-element elementor-element-9d7eb04 elementor-widget elementor-widget-heading\" data-id=\"9d7eb04\" data-element_type=\"widget\" data-e-type=\"widget\" data-widget_type=\"heading.default\">\n\t\t\t\t<div class=\"elementor-widget-container\">\n\t\t\t\t\t<h2 class=\"elementor-heading-title elementor-size-default\">Harvest<\/h2>\t\t\t\t<\/div>\n\t\t\t\t<\/div>\n\t\t\t\t<div class=\"elementor-element elementor-element-89c0d08 elementor-widget elementor-widget-text-editor\" data-id=\"89c0d08\" data-element_type=\"widget\" data-e-type=\"widget\" data-widget_type=\"text-editor.default\">\n\t\t\t\t<div class=\"elementor-widget-container\">\n\t\t\t\t\t\t\t\t\t<p>The harvest is carried out in boxes, by hand and generally very early in the morning, in the first rays of the sun, so that the grapes remain as fresh as possible before being transported to the cellar. <span style=\"color: #f8f8f8;\">Vinification<\/span><\/p><p>The vineyard being located on different slopes of the hill, this allows us to obtain quite varied grape maturities. We sometimes make two separate passages on the same terrace because depending on the exposure of the sun, the grapes will not ripen in the same way.\u00a0<\/p><p>The grapes are sorted during picking and a second time before being sent to the destemmer.\u00a0<\/p>\t\t\t\t\t\t\t\t<\/div>\n\t\t\t\t<\/div>\n\t\t\t\t\t<\/div>\n\t\t<\/div>\n\t\t\t\t<div class=\"elementor-column elementor-col-50 elementor-top-column elementor-element elementor-element-3410405\" data-id=\"3410405\" data-element_type=\"column\" data-e-type=\"column\" data-settings=\"{&quot;background_background&quot;:&quot;classic&quot;}\">\n\t\t\t<div class=\"elementor-widget-wrap elementor-element-populated\">\n\t\t\t\t\t\t<div class=\"elementor-element elementor-element-6a2a0da elementor-invisible elementor-widget elementor-widget-image\" data-id=\"6a2a0da\" data-element_type=\"widget\" data-e-type=\"widget\" data-settings=\"{&quot;_animation&quot;:&quot;imageGrowWithScaleRight&quot;}\" data-widget_type=\"image.default\">\n\t\t\t\t<div class=\"elementor-widget-container\">\n\t\t\t\t\t\t\t\t\t<div class=\"elementor-image\">\n\t\t\t\t\t\t\t\t\t\t\t<div class=\"vamtam-image-wrapper\">\n\t\t\t\t\t\t\t\t\t\t\t\t\t\t\t\t\t\t\t\t\t<img fetchpriority=\"high\" decoding=\"async\" width=\"1024\" height=\"683\" src=\"https:\/\/www.chateaudestroissautets.com\/wp-content\/uploads\/2021\/08\/DSC06362-1024x683.jpg\" class=\"attachment-large size-large wp-image-987895\" alt=\"Vivez une exp\u00e9rience de d\u00e9gustation sous le soleil \u00e9clatant de Provence, o\u00f9 nos vins expriment toute la richesse de notre terroir.\" srcset=\"https:\/\/www.chateaudestroissautets.com\/wp-content\/uploads\/2021\/08\/DSC06362-1024x683.jpg 1024w, https:\/\/www.chateaudestroissautets.com\/wp-content\/uploads\/2021\/08\/DSC06362-300x200.jpg 300w, https:\/\/www.chateaudestroissautets.com\/wp-content\/uploads\/2021\/08\/DSC06362-768x512.jpg 768w, https:\/\/www.chateaudestroissautets.com\/wp-content\/uploads\/2021\/08\/DSC06362-1536x1025.jpg 1536w, https:\/\/www.chateaudestroissautets.com\/wp-content\/uploads\/2021\/08\/DSC06362-2048x1366.jpg 2048w, https:\/\/www.chateaudestroissautets.com\/wp-content\/uploads\/2021\/08\/DSC06362-630x420.jpg 630w, https:\/\/www.chateaudestroissautets.com\/wp-content\/uploads\/2021\/08\/DSC06362-1260x841.jpg 1260w, https:\/\/www.chateaudestroissautets.com\/wp-content\/uploads\/2021\/08\/DSC06362-315x210.jpg 315w\" sizes=\"(max-width: 1024px) 100vw, 1024px\" \/>\t\t\t\t\t\t\t\t\t\t\t\t\t\t\t\t\t\t\t\t\t\t\t\t\t\t<\/div>\n\t\t\t\t\t\t\t\t\t<\/div>\n\t\t\t\t\t\t\t\t<\/div>\n\t\t\t\t<\/div>\n\t\t\t\t\t<\/div>\n\t\t<\/div>\n\t\t\t\t\t<\/div>\n\t\t<\/section>\n\t\t\t\t<section class=\"elementor-section elementor-top-section elementor-element elementor-element-29941b7 elementor-section-boxed elementor-section-height-default elementor-section-height-default\" data-id=\"29941b7\" data-element_type=\"section\" data-e-type=\"section\">\n\t\t\t\t\t\t<div class=\"elementor-container elementor-column-gap-default\">\n\t\t\t\t\t<div class=\"elementor-column elementor-col-50 elementor-top-column elementor-element elementor-element-1a0da79\" data-id=\"1a0da79\" data-element_type=\"column\" data-e-type=\"column\" data-settings=\"{&quot;background_background&quot;:&quot;classic&quot;}\">\n\t\t\t<div class=\"elementor-widget-wrap elementor-element-populated\">\n\t\t\t\t\t\t<div class=\"elementor-element elementor-element-3ca9cbd elementor-invisible elementor-widget elementor-widget-image\" data-id=\"3ca9cbd\" data-element_type=\"widget\" data-e-type=\"widget\" data-settings=\"{&quot;_animation&quot;:&quot;imageGrowWithScaleLeft&quot;}\" data-widget_type=\"image.default\">\n\t\t\t\t<div class=\"elementor-widget-container\">\n\t\t\t\t\t\t\t\t\t<div class=\"elementor-image\">\n\t\t\t\t\t\t\t\t\t\t\t<div class=\"vamtam-image-wrapper\">\n\t\t\t\t\t\t\t\t\t\t\t\t\t\t\t\t\t\t\t\t\t<img decoding=\"async\" width=\"1024\" height=\"683\" src=\"https:\/\/www.chateaudestroissautets.com\/wp-content\/uploads\/2021\/08\/DSC05869-1024x683.jpg\" class=\"attachment-large size-large wp-image-988246\" alt=\"Visiter notre cave et notre vignoble \u00e0 Aix en Provence\" srcset=\"https:\/\/www.chateaudestroissautets.com\/wp-content\/uploads\/2021\/08\/DSC05869-1024x683.jpg 1024w, https:\/\/www.chateaudestroissautets.com\/wp-content\/uploads\/2021\/08\/DSC05869-300x200.jpg 300w, https:\/\/www.chateaudestroissautets.com\/wp-content\/uploads\/2021\/08\/DSC05869-768x512.jpg 768w, https:\/\/www.chateaudestroissautets.com\/wp-content\/uploads\/2021\/08\/DSC05869-1536x1025.jpg 1536w, https:\/\/www.chateaudestroissautets.com\/wp-content\/uploads\/2021\/08\/DSC05869-2048x1366.jpg 2048w, https:\/\/www.chateaudestroissautets.com\/wp-content\/uploads\/2021\/08\/DSC05869-630x420.jpg 630w, https:\/\/www.chateaudestroissautets.com\/wp-content\/uploads\/2021\/08\/DSC05869-1260x841.jpg 1260w, https:\/\/www.chateaudestroissautets.com\/wp-content\/uploads\/2021\/08\/DSC05869-315x210.jpg 315w\" sizes=\"(max-width: 1024px) 100vw, 1024px\" \/>\t\t\t\t\t\t\t\t\t\t\t\t\t\t\t\t\t\t\t\t\t\t\t\t\t\t<\/div>\n\t\t\t\t\t\t\t\t\t<\/div>\n\t\t\t\t\t\t\t\t<\/div>\n\t\t\t\t<\/div>\n\t\t\t\t\t<\/div>\n\t\t<\/div>\n\t\t\t\t<div class=\"elementor-column elementor-col-50 elementor-top-column elementor-element elementor-element-09f83c4 animated-slow elementor-invisible\" data-id=\"09f83c4\" data-element_type=\"column\" data-e-type=\"column\" data-settings=\"{&quot;animation&quot;:&quot;fadeIn&quot;}\">\n\t\t\t<div class=\"elementor-widget-wrap elementor-element-populated\">\n\t\t\t\t\t\t<div class=\"elementor-element elementor-element-9fdf725 elementor-widget elementor-widget-heading\" data-id=\"9fdf725\" data-element_type=\"widget\" data-e-type=\"widget\" data-widget_type=\"heading.default\">\n\t\t\t\t<div class=\"elementor-widget-container\">\n\t\t\t\t\t<h2 class=\"elementor-heading-title elementor-size-default\">In cellar<\/h2>\t\t\t\t<\/div>\n\t\t\t\t<\/div>\n\t\t\t\t<div class=\"elementor-element elementor-element-7007534 elementor-widget elementor-widget-text-editor\" data-id=\"7007534\" data-element_type=\"widget\" data-e-type=\"widget\" data-widget_type=\"text-editor.default\">\n\t\t\t\t<div class=\"elementor-widget-container\">\n\t\t\t\t\t\t\t\t\t<p>We have chosen to work with 13 small volume tanks. The vinification cellar is equipped with a sufficient system for controlling the temperatures of the vinification vats. Then, in order to preserve the essential characteristics of the wines, we condition our bottles on site.&nbsp;<\/p>\n<p>The practice in the cellar is meticulous and established in the specifications. We carry out a vinification, grape variety by grape variety, but we do not compare them until the fermentation has been completed, and after having determined the best blends.&nbsp;<\/p>\t\t\t\t\t\t\t\t<\/div>\n\t\t\t\t<\/div>\n\t\t\t\t\t<\/div>\n\t\t<\/div>\n\t\t\t\t\t<\/div>\n\t\t<\/section>\n\t\t\t\t<section class=\"elementor-section elementor-top-section elementor-element elementor-element-d83e4c1 elementor-section-boxed elementor-section-height-default elementor-section-height-default\" data-id=\"d83e4c1\" data-element_type=\"section\" data-e-type=\"section\">\n\t\t\t\t\t\t<div class=\"elementor-container elementor-column-gap-default\">\n\t\t\t\t\t<div class=\"elementor-column elementor-col-100 elementor-top-column elementor-element elementor-element-7973a90\" data-id=\"7973a90\" data-element_type=\"column\" data-e-type=\"column\">\n\t\t\t<div class=\"elementor-widget-wrap elementor-element-populated\">\n\t\t\t\t\t\t<div class=\"elementor-element elementor-element-2788c6a elementor-widget elementor-widget-text-editor\" data-id=\"2788c6a\" data-element_type=\"widget\" data-e-type=\"widget\" data-widget_type=\"text-editor.default\">\n\t\t\t\t<div class=\"elementor-widget-container\">\n\t\t\t\t\t\t\t\t\t<p><span style=\"color: #f8f8f8;\">Whether you are a lover of full-bodied reds, elegant whites or refreshing ros\u00e9s, however, our online store offers a friendly shopping experience, allowing you to discover and <a style=\"color: #f8f8f8;\" href=\"https:\/\/www.google.com\/search?q=chateau+des+trois+sautets&amp;rlz=1C1CHBF_frFR899FR899&amp;oq=ch&amp;gs_lcrp=EgZjaHJvbWUqBggBEEUYOzIGCAAQRRg8MgYIARBFGDsyBggCEEUYPDIGCAMQRRg8MgYIBBBFGDwyBggFEEUYPDIGCAYQBRhAMgYIBxAFGEDSAQgxODQ1ajBqN6gCALACAA&amp;sourceid=chrome&amp;ie=UTF-8\">to acquire<\/a> our wines with ease. Each order is an invitation to share a moment of conviviality, whether during a dinner <a style=\"color: #f8f8f8;\" href=\"https:\/\/www.chateaudestroissautets.com\/en\/2021\/05\/26\/bonjour-tout-le-monde\/\">respondent<\/a>, <\/span><\/p>\t\t\t\t\t\t\t\t<\/div>\n\t\t\t\t<\/div>\n\t\t\t\t\t<\/div>\n\t\t<\/div>\n\t\t\t\t\t<\/div>\n\t\t<\/section>\n\t\t\t\t<\/div>","protected":false},"excerpt":{"rendered":"<p>Vinification Harvests The harvest is carried out in crates, by hand and generally very early in the morning, at the first rays of the sun, so that the grapes remain as fresh as possible before being transported to the cellar. Vinification The vineyard being located on different hillsides, this allows us to obtain grape maturities\u2026<\/p>","protected":false},"author":1,"featured_media":0,"parent":0,"menu_order":0,"comment_status":"closed","ping_status":"closed","template":"","meta":{"footnotes":""},"class_list":["post-987855","page","type-page","status-publish","hentry"],"yoast_head":"<!-- This site is optimized with the Yoast SEO plugin v26.9 - https:\/\/yoast.com\/product\/yoast-seo-wordpress\/ -->\n<title>Vinification - Ch\u00e2teau des Trois Sautets<\/title>\n<meta name=\"description\" content=\"Notre processus de vinification est un mariage m\u00e9ticuleux de tradition et d&#039;innovation. Des vendanges \u00e0 la fermentation, chaque \u00e9tape est orchestr\u00e9e avec soin pour extraire la quintessence de nos raisins.\" \/>\n<meta name=\"robots\" content=\"index, follow, max-snippet:-1, max-image-preview:large, max-video-preview:-1\" \/>\n<link rel=\"canonical\" href=\"https:\/\/www.chateaudestroissautets.com\/en\/vinification\/\" \/>\n<meta property=\"og:locale\" content=\"en_US\" \/>\n<meta property=\"og:type\" content=\"article\" \/>\n<meta property=\"og:title\" content=\"Vinification - Ch\u00e2teau des Trois Sautets\" \/>\n<meta property=\"og:description\" content=\"Notre processus de vinification est un mariage m\u00e9ticuleux de tradition et d&#039;innovation. Des vendanges \u00e0 la fermentation, chaque \u00e9tape est orchestr\u00e9e avec soin pour extraire la quintessence de nos raisins.\" \/>\n<meta property=\"og:url\" content=\"https:\/\/www.chateaudestroissautets.com\/en\/vinification\/\" \/>\n<meta property=\"og:site_name\" content=\"Ch\u00e2teau des Trois Sautets\" \/>\n<meta property=\"article:modified_time\" content=\"2024-02-02T13:43:28+00:00\" \/>\n<meta property=\"og:image\" content=\"https:\/\/www.chateaudestroissautets.com\/wp-content\/uploads\/2021\/08\/DSC06362-1024x683.jpg\" \/>\n<meta name=\"twitter:card\" content=\"summary_large_image\" \/>\n<meta name=\"twitter:label1\" content=\"Est. reading time\" \/>\n\t<meta name=\"twitter:data1\" content=\"2 minutes\" \/>\n<script type=\"application\/ld+json\" class=\"yoast-schema-graph\">{\"@context\":\"https:\/\/schema.org\",\"@graph\":[{\"@type\":\"WebPage\",\"@id\":\"https:\/\/www.chateaudestroissautets.com\/vinification\/\",\"url\":\"https:\/\/www.chateaudestroissautets.com\/vinification\/\",\"name\":\"Vinification - Ch\u00e2teau des Trois Sautets\",\"isPartOf\":{\"@id\":\"https:\/\/www.chateaudestroissautets.com\/#website\"},\"primaryImageOfPage\":{\"@id\":\"https:\/\/www.chateaudestroissautets.com\/vinification\/#primaryimage\"},\"image\":{\"@id\":\"https:\/\/www.chateaudestroissautets.com\/vinification\/#primaryimage\"},\"thumbnailUrl\":\"https:\/\/www.chateaudestroissautets.com\/wp-content\/uploads\/2021\/08\/DSC06362-1024x683.jpg\",\"datePublished\":\"2021-07-14T14:50:16+00:00\",\"dateModified\":\"2024-02-02T13:43:28+00:00\",\"description\":\"Notre processus de vinification est un mariage m\u00e9ticuleux de tradition et d'innovation. Des vendanges \u00e0 la fermentation, chaque \u00e9tape est orchestr\u00e9e avec soin pour extraire la quintessence de nos raisins.\",\"breadcrumb\":{\"@id\":\"https:\/\/www.chateaudestroissautets.com\/vinification\/#breadcrumb\"},\"inLanguage\":\"en-US\",\"potentialAction\":[{\"@type\":\"ReadAction\",\"target\":[\"https:\/\/www.chateaudestroissautets.com\/vinification\/\"]}]},{\"@type\":\"ImageObject\",\"inLanguage\":\"en-US\",\"@id\":\"https:\/\/www.chateaudestroissautets.com\/vinification\/#primaryimage\",\"url\":\"https:\/\/www.chateaudestroissautets.com\/wp-content\/uploads\/2021\/08\/DSC06362-1024x683.jpg\",\"contentUrl\":\"https:\/\/www.chateaudestroissautets.com\/wp-content\/uploads\/2021\/08\/DSC06362-1024x683.jpg\"},{\"@type\":\"BreadcrumbList\",\"@id\":\"https:\/\/www.chateaudestroissautets.com\/vinification\/#breadcrumb\",\"itemListElement\":[{\"@type\":\"ListItem\",\"position\":1,\"name\":\"Accueil\",\"item\":\"https:\/\/www.chateaudestroissautets.com\/\"},{\"@type\":\"ListItem\",\"position\":2,\"name\":\"Vinification\"}]},{\"@type\":\"WebSite\",\"@id\":\"https:\/\/www.chateaudestroissautets.com\/#website\",\"url\":\"https:\/\/www.chateaudestroissautets.com\/\",\"name\":\"Ch\u00e2teau des Trois Sautets\",\"description\":\"AOC Palette\",\"publisher\":{\"@id\":\"https:\/\/www.chateaudestroissautets.com\/#organization\"},\"potentialAction\":[{\"@type\":\"SearchAction\",\"target\":{\"@type\":\"EntryPoint\",\"urlTemplate\":\"https:\/\/www.chateaudestroissautets.com\/?s={search_term_string}\"},\"query-input\":{\"@type\":\"PropertyValueSpecification\",\"valueRequired\":true,\"valueName\":\"search_term_string\"}}],\"inLanguage\":\"en-US\"},{\"@type\":\"Organization\",\"@id\":\"https:\/\/www.chateaudestroissautets.com\/#organization\",\"name\":\"Ch\u00e2teau des Trois Sautets\",\"url\":\"https:\/\/www.chateaudestroissautets.com\/\",\"logo\":{\"@type\":\"ImageObject\",\"inLanguage\":\"en-US\",\"@id\":\"https:\/\/www.chateaudestroissautets.com\/#\/schema\/logo\/image\/\",\"url\":\"https:\/\/www.chateaudestroissautets.com\/wp-content\/uploads\/2021\/07\/logo-1.png\",\"contentUrl\":\"https:\/\/www.chateaudestroissautets.com\/wp-content\/uploads\/2021\/07\/logo-1.png\",\"width\":248,\"height\":112,\"caption\":\"Ch\u00e2teau des Trois Sautets\"},\"image\":{\"@id\":\"https:\/\/www.chateaudestroissautets.com\/#\/schema\/logo\/image\/\"},\"sameAs\":[\"https:\/\/www.instagram.com\/chateaudes3sautets\/\"]}]}<\/script>\n<!-- \/ Yoast SEO plugin. -->","yoast_head_json":{"title":"Winemaking - Ch\u00e2teau des Trois Sautets","description":"Our winemaking process is a meticulous blend of tradition and innovation. From harvest to fermentation, each step is carefully orchestrated to extract the quintessence of our grapes.","robots":{"index":"index","follow":"follow","max-snippet":"max-snippet:-1","max-image-preview":"max-image-preview:large","max-video-preview":"max-video-preview:-1"},"canonical":"https:\/\/www.chateaudestroissautets.com\/en\/vinification\/","og_locale":"en_US","og_type":"article","og_title":"Vinification - Ch\u00e2teau des Trois Sautets","og_description":"Notre processus de vinification est un mariage m\u00e9ticuleux de tradition et d'innovation. Des vendanges \u00e0 la fermentation, chaque \u00e9tape est orchestr\u00e9e avec soin pour extraire la quintessence de nos raisins.","og_url":"https:\/\/www.chateaudestroissautets.com\/en\/vinification\/","og_site_name":"Ch\u00e2teau des Trois Sautets","article_modified_time":"2024-02-02T13:43:28+00:00","og_image":[{"url":"https:\/\/www.chateaudestroissautets.com\/wp-content\/uploads\/2021\/08\/DSC06362-1024x683.jpg","type":"","width":"","height":""}],"twitter_card":"summary_large_image","twitter_misc":{"Est. reading time":"2 minutes"},"schema":{"@context":"https:\/\/schema.org","@graph":[{"@type":"WebPage","@id":"https:\/\/www.chateaudestroissautets.com\/vinification\/","url":"https:\/\/www.chateaudestroissautets.com\/vinification\/","name":"Winemaking - Ch\u00e2teau des Trois Sautets","isPartOf":{"@id":"https:\/\/www.chateaudestroissautets.com\/#website"},"primaryImageOfPage":{"@id":"https:\/\/www.chateaudestroissautets.com\/vinification\/#primaryimage"},"image":{"@id":"https:\/\/www.chateaudestroissautets.com\/vinification\/#primaryimage"},"thumbnailUrl":"https:\/\/www.chateaudestroissautets.com\/wp-content\/uploads\/2021\/08\/DSC06362-1024x683.jpg","datePublished":"2021-07-14T14:50:16+00:00","dateModified":"2024-02-02T13:43:28+00:00","description":"Our winemaking process is a meticulous blend of tradition and innovation. From harvest to fermentation, each step is carefully orchestrated to extract the quintessence of our grapes.","breadcrumb":{"@id":"https:\/\/www.chateaudestroissautets.com\/vinification\/#breadcrumb"},"inLanguage":"en-US","potentialAction":[{"@type":"ReadAction","target":["https:\/\/www.chateaudestroissautets.com\/vinification\/"]}]},{"@type":"ImageObject","inLanguage":"en-US","@id":"https:\/\/www.chateaudestroissautets.com\/vinification\/#primaryimage","url":"https:\/\/www.chateaudestroissautets.com\/wp-content\/uploads\/2021\/08\/DSC06362-1024x683.jpg","contentUrl":"https:\/\/www.chateaudestroissautets.com\/wp-content\/uploads\/2021\/08\/DSC06362-1024x683.jpg"},{"@type":"BreadcrumbList","@id":"https:\/\/www.chateaudestroissautets.com\/vinification\/#breadcrumb","itemListElement":[{"@type":"ListItem","position":1,"name":"Accueil","item":"https:\/\/www.chateaudestroissautets.com\/"},{"@type":"ListItem","position":2,"name":"Vinification"}]},{"@type":"WebSite","@id":"https:\/\/www.chateaudestroissautets.com\/#website","url":"https:\/\/www.chateaudestroissautets.com\/","name":"Ch\u00e2teau des Trois Sautets","description":"AOC Palette","publisher":{"@id":"https:\/\/www.chateaudestroissautets.com\/#organization"},"potentialAction":[{"@type":"SearchAction","target":{"@type":"EntryPoint","urlTemplate":"https:\/\/www.chateaudestroissautets.com\/?s={search_term_string}"},"query-input":{"@type":"PropertyValueSpecification","valueRequired":true,"valueName":"search_term_string"}}],"inLanguage":"en-US"},{"@type":"Organization","@id":"https:\/\/www.chateaudestroissautets.com\/#organization","name":"Ch\u00e2teau des Trois Sautets","url":"https:\/\/www.chateaudestroissautets.com\/","logo":{"@type":"ImageObject","inLanguage":"en-US","@id":"https:\/\/www.chateaudestroissautets.com\/#\/schema\/logo\/image\/","url":"https:\/\/www.chateaudestroissautets.com\/wp-content\/uploads\/2021\/07\/logo-1.png","contentUrl":"https:\/\/www.chateaudestroissautets.com\/wp-content\/uploads\/2021\/07\/logo-1.png","width":248,"height":112,"caption":"Ch\u00e2teau des Trois Sautets"},"image":{"@id":"https:\/\/www.chateaudestroissautets.com\/#\/schema\/logo\/image\/"},"sameAs":["https:\/\/www.instagram.com\/chateaudes3sautets\/"]}]}},"jetpack_sharing_enabled":true,"_links":{"self":[{"href":"https:\/\/www.chateaudestroissautets.com\/en\/wp-json\/wp\/v2\/pages\/987855","targetHints":{"allow":["GET"]}}],"collection":[{"href":"https:\/\/www.chateaudestroissautets.com\/en\/wp-json\/wp\/v2\/pages"}],"about":[{"href":"https:\/\/www.chateaudestroissautets.com\/en\/wp-json\/wp\/v2\/types\/page"}],"author":[{"embeddable":true,"href":"https:\/\/www.chateaudestroissautets.com\/en\/wp-json\/wp\/v2\/users\/1"}],"replies":[{"embeddable":true,"href":"https:\/\/www.chateaudestroissautets.com\/en\/wp-json\/wp\/v2\/comments?post=987855"}],"version-history":[{"count":0,"href":"https:\/\/www.chateaudestroissautets.com\/en\/wp-json\/wp\/v2\/pages\/987855\/revisions"}],"wp:attachment":[{"href":"https:\/\/www.chateaudestroissautets.com\/en\/wp-json\/wp\/v2\/media?parent=987855"}],"curies":[{"name":"wp","href":"https:\/\/api.w.org\/{rel}","templated":true}]}}