{"id":987785,"date":"2021-05-27T18:34:20","date_gmt":"2021-05-27T16:34:20","guid":{"rendered":"https:\/\/chateaudestroissautets.com\/?page_id=987785"},"modified":"2024-02-02T11:51:44","modified_gmt":"2024-02-02T10:51:44","slug":"politique-de-confidentialite","status":"publish","type":"page","link":"https:\/\/www.chateaudestroissautets.com\/en\/politique-de-confidentialite\/","title":{"rendered":"Privacy Policy"},"content":{"rendered":"<div data-elementor-type=\"wp-page\" data-elementor-id=\"987785\" class=\"elementor elementor-987785\" data-elementor-post-type=\"page\">\n\t\t\t\t\t\t<section class=\"elementor-section elementor-top-section elementor-element elementor-element-5e0ed9df elementor-section-boxed elementor-section-height-default elementor-section-height-default\" data-id=\"5e0ed9df\" data-element_type=\"section\" data-e-type=\"section\">\n\t\t\t\t\t\t<div class=\"elementor-container elementor-column-gap-default\">\n\t\t\t\t\t<div class=\"elementor-column elementor-col-100 elementor-top-column elementor-element elementor-element-31018dab\" data-id=\"31018dab\" data-element_type=\"column\" data-e-type=\"column\">\n\t\t\t<div class=\"elementor-widget-wrap elementor-element-populated\">\n\t\t\t\t\t\t<div class=\"elementor-element elementor-element-7dadb36 elementor-widget elementor-widget-text-editor\" data-id=\"7dadb36\" data-element_type=\"widget\" data-e-type=\"widget\" data-widget_type=\"text-editor.default\">\n\t\t\t\t<div class=\"elementor-widget-container\">\n\t\t\t\t\t\t\t\t\t<p><\/p>\n<h2 class=\"wp-block-heading\">Who are we ?<\/h2>\n<p><\/p>\n<p><\/p>\n<p>The address of our site is: https:\/\/www.chateaudestroissautets.com. <span style=\"color: #f8f8f8;\">Confidentiality\u00a0<\/span><\/p>\n<p><span style=\"color: var( --e-global-color-vamtam_h1_color ); font-family: var( --e-global-typography-vamtam_h2-font-family ), Sans-serif; font-size: var( --e-global-typography-vamtam_h2-font-size ); font-style: var( --e-global-typography-vamtam_h2-font-style ); letter-spacing: var( --e-global-typography-vamtam_h2-letter-spacing ); text-transform: var(--vamtam-h2-transform,none);\">Comments<\/span><\/p>\n<p><\/p>\n<p><\/p>\n<p>When you leave a comment on our site, the data entered in the comment form, but also your IP address and the user agent of your browser are collected to help us detect unwanted comments.\u00a0<span style=\"color: #f8f8f8; font-family: 'Cormorant Infant', sans-serif; font-size: 20px; font-style: normal; font-variant-ligatures: normal; font-variant-caps: normal; font-weight: 400; letter-spacing: var(--vamtam-primary-font-letter-spacing-desktop,normal); text-transform: var(--vamtam-primary-font-transform,none);\">Confidentiality\u00a0<\/span><\/p>\n<p><span style=\"color: var( --e-global-color-vamtam_primary_font_color ); letter-spacing: var(--vamtam-primary-font-letter-spacing-desktop,normal); text-transform: var(--vamtam-primary-font-transform,none);\">An anonymized string created from your email address (also called a hash) may be sent to the Gravatar service to check whether you are using it. The confidentiality provisions of the Gravatar service are available here: https:\/\/automattic.com\/privacy\/. After validation of your comment, your profile photo will be publicly visible next to your comment.\u00a0<\/span><span style=\"color: #f8f8f8; font-family: 'Cormorant Infant', sans-serif; font-size: 20px; font-style: normal; font-variant-ligatures: normal; font-variant-caps: normal; font-weight: 400; letter-spacing: var(--vamtam-primary-font-letter-spacing-desktop,normal); text-transform: var(--vamtam-primary-font-transform,none);\">Confidentiality\u00a0<\/span><\/p>\n<p><\/p>\n<p><\/p>\n<h2 class=\"wp-block-heading\">Media<\/h2>\n<p><\/p>\n<p><\/p>\n<p>If you upload images to the Site, we advise you to avoid uploading images that contain EXIF GPS coordinate data. People visiting your site can download and extract location data from these images.<\/p>\n<p><\/p>\n<p><\/p>\n<h2 class=\"wp-block-heading\">Cookies<\/h2>\n<p><\/p>\n<p><\/p>\n<p>If you leave a comment on our site, you may be asked to save your name, email address and website in cookies. This is only for your convenience so that you do not have to fill in this information if you leave another comment later. These cookies expire after one year.<\/p>\n<p><\/p>\n<p><\/p>\n<p>If you go to the login page, a temporary cookie will be created to determine whether your browser accepts cookies. It does not contain personal data and will be deleted automatically when you close your browser.<\/p>\n<p><\/p>\n<p><\/p>\n<p>When you log in, we will set a number of cookies to save your login information and screen preferences. The lifespan of a connection cookie is two days, that of a screen option cookie is one year. If you check \u201cRemember me\u201d, your login cookie will be retained for two weeks. If you log out of your account, the login cookie will be deleted.<\/p>\n<p><\/p>\n<p><\/p>\n<p>By editing or publishing a post, an additional cookie will be stored in your browser. This cookie does not include any personal data. It simply shows the ID of the post you just edited. It expires after one day.<\/p>\n<p><\/p>\n<p><\/p>\n<h2 class=\"wp-block-heading\">Content embedded from other sites<\/h2>\n<p><\/p>\n<p><\/p>\n<p>Articles on this site may include embedded content (e.g. videos, images, articles, etc.). Content embedded from other sites behaves the same as if the visitor went to that other site.<\/p>\n<p><\/p>\n<p><\/p>\n<p>These websites could collect data about you, use cookies, embed third-party tracking tools, track your interactions with this embedded content if you have an account connected to their website.<\/p>\n<p><\/p>\n<p><\/p>\n<h2 class=\"wp-block-heading\">Use and transmission of your personal data<\/h2>\n<p><\/p>\n<p><\/p>\n<p>If you request a password reset, your IP address will be included in the reset email.<\/p>\n<p><\/p>\n<p><\/p>\n<h2 class=\"wp-block-heading\">Storage times for your data<\/h2>\n<p><\/p>\n<p><\/p>\n<p>If you leave a comment, the comment and its metadata are retained indefinitely. This allows subsequent comments to be automatically recognized and approved instead of leaving them in the moderation queue.<\/p>\n<p><\/p>\n<p><\/p>\n<p>For accounts that register on our site (if applicable), we also store the personal data indicated in their profile. All accounts can view, edit or delete their personal information at any time (except their username). Site managers can also view and modify this information.<\/p>\n<p><\/p>\n<p><\/p>\n<h2 class=\"wp-block-heading\">The rights you have over your data<\/h2>\n<p><\/p>\n<p><\/p>\n<p>If you have an account or have left comments on the site, you can request to receive a file containing all the personal data we have about you, including that you have provided to us. You can also request the deletion of personal data concerning you. This does not take into account data stored for administrative, legal or security purposes.<\/p>\n<p><\/p>\n<p><\/p>\n<h2 class=\"wp-block-heading\">Transmission of your personal data<\/h2>\n<p><\/p>\n<p><\/p>\n<p>Visitor comments may be checked using an automated spam comment detection service.<\/p>\n<p><\/p>\t\t\t\t\t\t\t\t<\/div>\n\t\t\t\t<\/div>\n\t\t\t\t\t<\/div>\n\t\t<\/div>\n\t\t\t\t\t<\/div>\n\t\t<\/section>\n\t\t\t\t<section class=\"elementor-section elementor-top-section elementor-element elementor-element-a9fcb24 elementor-section-boxed elementor-section-height-default elementor-section-height-default\" data-id=\"a9fcb24\" data-element_type=\"section\" data-e-type=\"section\">\n\t\t\t\t\t\t<div class=\"elementor-container elementor-column-gap-default\">\n\t\t\t\t\t<div class=\"elementor-column elementor-col-100 elementor-top-column elementor-element elementor-element-42d513a\" data-id=\"42d513a\" data-element_type=\"column\" data-e-type=\"column\">\n\t\t\t<div class=\"elementor-widget-wrap elementor-element-populated\">\n\t\t\t\t\t\t<div class=\"elementor-element elementor-element-f303bc0 elementor-widget elementor-widget-heading\" data-id=\"f303bc0\" data-element_type=\"widget\" data-e-type=\"widget\" data-widget_type=\"heading.default\">\n\t\t\t\t<div class=\"elementor-widget-container\">\n\t\t\t\t\t<h2 class=\"elementor-heading-title elementor-size-default\"><a href=\"https:\/\/www.google.com\/search?q=chateau+des+trois+sautets&#038;rlz=1C1CHBF_frFR899FR899&#038;oq=ch&#038;gs_lcrp=EgZjaHJvbWUqBggBEEUYOzIGCAAQRRg8MgYIARBFGDsyBggCEEUYPDIGCAMQRRg8MgYIBBBFGDwyBggFEEUYPDIGCAYQBRhAMgYIBxAFGEDSAQgxODQ1ajBqN6gCALACAA&#038;sourceid=chrome&#038;ie=UTF-8\"><span style=\", sans-serif;font-size: 20px;font-style: normal;font-weight: 400\">Confidentiality&nbsp;<\/span><\/a><\/h2>\t\t\t\t<\/div>\n\t\t\t\t<\/div>\n\t\t\t\t\t<\/div>\n\t\t<\/div>\n\t\t\t\t\t<\/div>\n\t\t<\/section>\n\t\t\t\t<section class=\"elementor-section elementor-top-section elementor-element elementor-element-fc3c911 elementor-section-boxed elementor-section-height-default elementor-section-height-default\" data-id=\"fc3c911\" data-element_type=\"section\" data-e-type=\"section\">\n\t\t\t\t\t\t<div class=\"elementor-container elementor-column-gap-default\">\n\t\t\t\t\t<div class=\"elementor-column elementor-col-100 elementor-top-column elementor-element elementor-element-df828b7\" data-id=\"df828b7\" data-element_type=\"column\" data-e-type=\"column\">\n\t\t\t<div class=\"elementor-widget-wrap elementor-element-populated\">\n\t\t\t\t\t\t<div class=\"elementor-element elementor-element-9d65ebe elementor-widget elementor-widget-text-editor\" data-id=\"9d65ebe\" data-element_type=\"widget\" data-e-type=\"widget\" data-widget_type=\"text-editor.default\">\n\t\t\t\t<div class=\"elementor-widget-container\">\n\t\t\t\t\t\t\t\t\t<p><span style=\"color: #f8f8f8;\"><a style=\"color: #f8f8f8;\" href=\"https:\/\/www.chateaudestroissautets.com\/en\/histoire\/\">Lorem<\/a> ipsum dolor sit amet, consectetur adipiscing elit. Ut elit tellus, luctus nec ullamcorper mattis, pulvinar dapibus leo.<\/span><\/p>\t\t\t\t\t\t\t\t<\/div>\n\t\t\t\t<\/div>\n\t\t\t\t\t<\/div>\n\t\t<\/div>\n\t\t\t\t\t<\/div>\n\t\t<\/section>\n\t\t\t\t<\/div>","protected":false},"excerpt":{"rendered":"<p>Who are we? Our website address is: https:\/\/www.chateaudestroissautets.com. Privacy Comments When you leave a comment on our site, the data entered in the comment form, but also your IP address and the user agent of your browser are collected to help us detect unwanted comments. Privacy An anonymized string created from\u2026<\/p>","protected":false},"author":1,"featured_media":0,"parent":0,"menu_order":0,"comment_status":"closed","ping_status":"closed","template":"","meta":{"footnotes":""},"class_list":["post-987785","page","type-page","status-publish","hentry"],"yoast_head":"<!-- This site is optimized with the Yoast SEO plugin v26.9 - https:\/\/yoast.com\/product\/yoast-seo-wordpress\/ -->\n<title>Politique de confidentialit\u00e9 - Ch\u00e2teau des Trois Sautets<\/title>\n<meta name=\"description\" content=\"Votre confidentialit\u00e9 est notre priorit\u00e9 nous respectons votre vie priv\u00e9e. Vos informations sont en s\u00e9curit\u00e9.\" \/>\n<meta name=\"robots\" content=\"index, follow, max-snippet:-1, max-image-preview:large, max-video-preview:-1\" \/>\n<link rel=\"canonical\" href=\"https:\/\/www.chateaudestroissautets.com\/en\/politique-de-confidentialite\/\" \/>\n<meta property=\"og:locale\" content=\"en_US\" \/>\n<meta property=\"og:type\" content=\"article\" \/>\n<meta property=\"og:title\" content=\"Politique de confidentialit\u00e9 - Ch\u00e2teau des Trois Sautets\" \/>\n<meta property=\"og:description\" content=\"Votre confidentialit\u00e9 est notre priorit\u00e9 nous respectons votre vie priv\u00e9e. Vos informations sont en s\u00e9curit\u00e9.\" \/>\n<meta property=\"og:url\" content=\"https:\/\/www.chateaudestroissautets.com\/en\/politique-de-confidentialite\/\" \/>\n<meta property=\"og:site_name\" content=\"Ch\u00e2teau des Trois Sautets\" \/>\n<meta property=\"article:modified_time\" content=\"2024-02-02T10:51:44+00:00\" \/>\n<meta name=\"twitter:card\" content=\"summary_large_image\" \/>\n<meta name=\"twitter:label1\" content=\"Est. reading time\" \/>\n\t<meta name=\"twitter:data1\" content=\"4 minutes\" \/>\n<script type=\"application\/ld+json\" class=\"yoast-schema-graph\">{\"@context\":\"https:\/\/schema.org\",\"@graph\":[{\"@type\":\"WebPage\",\"@id\":\"https:\/\/www.chateaudestroissautets.com\/politique-de-confidentialite\/\",\"url\":\"https:\/\/www.chateaudestroissautets.com\/politique-de-confidentialite\/\",\"name\":\"Politique de confidentialit\u00e9 - Ch\u00e2teau des Trois Sautets\",\"isPartOf\":{\"@id\":\"https:\/\/www.chateaudestroissautets.com\/#website\"},\"datePublished\":\"2021-05-27T16:34:20+00:00\",\"dateModified\":\"2024-02-02T10:51:44+00:00\",\"description\":\"Votre confidentialit\u00e9 est notre priorit\u00e9 nous respectons votre vie priv\u00e9e. Vos informations sont en s\u00e9curit\u00e9.\",\"breadcrumb\":{\"@id\":\"https:\/\/www.chateaudestroissautets.com\/politique-de-confidentialite\/#breadcrumb\"},\"inLanguage\":\"en-US\",\"potentialAction\":[{\"@type\":\"ReadAction\",\"target\":[\"https:\/\/www.chateaudestroissautets.com\/politique-de-confidentialite\/\"]}]},{\"@type\":\"BreadcrumbList\",\"@id\":\"https:\/\/www.chateaudestroissautets.com\/politique-de-confidentialite\/#breadcrumb\",\"itemListElement\":[{\"@type\":\"ListItem\",\"position\":1,\"name\":\"Accueil\",\"item\":\"https:\/\/www.chateaudestroissautets.com\/\"},{\"@type\":\"ListItem\",\"position\":2,\"name\":\"Politique de confidentialit\u00e9\"}]},{\"@type\":\"WebSite\",\"@id\":\"https:\/\/www.chateaudestroissautets.com\/#website\",\"url\":\"https:\/\/www.chateaudestroissautets.com\/\",\"name\":\"Ch\u00e2teau des Trois Sautets\",\"description\":\"AOC Palette\",\"publisher\":{\"@id\":\"https:\/\/www.chateaudestroissautets.com\/#organization\"},\"potentialAction\":[{\"@type\":\"SearchAction\",\"target\":{\"@type\":\"EntryPoint\",\"urlTemplate\":\"https:\/\/www.chateaudestroissautets.com\/?s={search_term_string}\"},\"query-input\":{\"@type\":\"PropertyValueSpecification\",\"valueRequired\":true,\"valueName\":\"search_term_string\"}}],\"inLanguage\":\"en-US\"},{\"@type\":\"Organization\",\"@id\":\"https:\/\/www.chateaudestroissautets.com\/#organization\",\"name\":\"Ch\u00e2teau des Trois Sautets\",\"url\":\"https:\/\/www.chateaudestroissautets.com\/\",\"logo\":{\"@type\":\"ImageObject\",\"inLanguage\":\"en-US\",\"@id\":\"https:\/\/www.chateaudestroissautets.com\/#\/schema\/logo\/image\/\",\"url\":\"https:\/\/www.chateaudestroissautets.com\/wp-content\/uploads\/2021\/07\/logo-1.png\",\"contentUrl\":\"https:\/\/www.chateaudestroissautets.com\/wp-content\/uploads\/2021\/07\/logo-1.png\",\"width\":248,\"height\":112,\"caption\":\"Ch\u00e2teau des Trois Sautets\"},\"image\":{\"@id\":\"https:\/\/www.chateaudestroissautets.com\/#\/schema\/logo\/image\/\"},\"sameAs\":[\"https:\/\/www.instagram.com\/chateaudes3sautets\/\"]}]}<\/script>\n<!-- \/ Yoast SEO plugin. -->","yoast_head_json":{"title":"Privacy Policy - Ch\u00e2teau des Trois Sautets","description":"Your privacy is our priority. We respect your privacy. Your information is safe.","robots":{"index":"index","follow":"follow","max-snippet":"max-snippet:-1","max-image-preview":"max-image-preview:large","max-video-preview":"max-video-preview:-1"},"canonical":"https:\/\/www.chateaudestroissautets.com\/en\/politique-de-confidentialite\/","og_locale":"en_US","og_type":"article","og_title":"Politique de confidentialit\u00e9 - Ch\u00e2teau des Trois Sautets","og_description":"Votre confidentialit\u00e9 est notre priorit\u00e9 nous respectons votre vie priv\u00e9e. Vos informations sont en s\u00e9curit\u00e9.","og_url":"https:\/\/www.chateaudestroissautets.com\/en\/politique-de-confidentialite\/","og_site_name":"Ch\u00e2teau des Trois Sautets","article_modified_time":"2024-02-02T10:51:44+00:00","twitter_card":"summary_large_image","twitter_misc":{"Est. reading time":"4 minutes"},"schema":{"@context":"https:\/\/schema.org","@graph":[{"@type":"WebPage","@id":"https:\/\/www.chateaudestroissautets.com\/politique-de-confidentialite\/","url":"https:\/\/www.chateaudestroissautets.com\/politique-de-confidentialite\/","name":"Privacy Policy - Ch\u00e2teau des Trois Sautets","isPartOf":{"@id":"https:\/\/www.chateaudestroissautets.com\/#website"},"datePublished":"2021-05-27T16:34:20+00:00","dateModified":"2024-02-02T10:51:44+00:00","description":"Your privacy is our priority. We respect your privacy. Your information is safe.","breadcrumb":{"@id":"https:\/\/www.chateaudestroissautets.com\/politique-de-confidentialite\/#breadcrumb"},"inLanguage":"en-US","potentialAction":[{"@type":"ReadAction","target":["https:\/\/www.chateaudestroissautets.com\/politique-de-confidentialite\/"]}]},{"@type":"BreadcrumbList","@id":"https:\/\/www.chateaudestroissautets.com\/politique-de-confidentialite\/#breadcrumb","itemListElement":[{"@type":"ListItem","position":1,"name":"Accueil","item":"https:\/\/www.chateaudestroissautets.com\/"},{"@type":"ListItem","position":2,"name":"Politique de confidentialit\u00e9"}]},{"@type":"WebSite","@id":"https:\/\/www.chateaudestroissautets.com\/#website","url":"https:\/\/www.chateaudestroissautets.com\/","name":"Ch\u00e2teau des Trois Sautets","description":"AOC Palette","publisher":{"@id":"https:\/\/www.chateaudestroissautets.com\/#organization"},"potentialAction":[{"@type":"SearchAction","target":{"@type":"EntryPoint","urlTemplate":"https:\/\/www.chateaudestroissautets.com\/?s={search_term_string}"},"query-input":{"@type":"PropertyValueSpecification","valueRequired":true,"valueName":"search_term_string"}}],"inLanguage":"en-US"},{"@type":"Organization","@id":"https:\/\/www.chateaudestroissautets.com\/#organization","name":"Ch\u00e2teau des Trois Sautets","url":"https:\/\/www.chateaudestroissautets.com\/","logo":{"@type":"ImageObject","inLanguage":"en-US","@id":"https:\/\/www.chateaudestroissautets.com\/#\/schema\/logo\/image\/","url":"https:\/\/www.chateaudestroissautets.com\/wp-content\/uploads\/2021\/07\/logo-1.png","contentUrl":"https:\/\/www.chateaudestroissautets.com\/wp-content\/uploads\/2021\/07\/logo-1.png","width":248,"height":112,"caption":"Ch\u00e2teau des Trois Sautets"},"image":{"@id":"https:\/\/www.chateaudestroissautets.com\/#\/schema\/logo\/image\/"},"sameAs":["https:\/\/www.instagram.com\/chateaudes3sautets\/"]}]}},"jetpack_sharing_enabled":true,"_links":{"self":[{"href":"https:\/\/www.chateaudestroissautets.com\/en\/wp-json\/wp\/v2\/pages\/987785","targetHints":{"allow":["GET"]}}],"collection":[{"href":"https:\/\/www.chateaudestroissautets.com\/en\/wp-json\/wp\/v2\/pages"}],"about":[{"href":"https:\/\/www.chateaudestroissautets.com\/en\/wp-json\/wp\/v2\/types\/page"}],"author":[{"embeddable":true,"href":"https:\/\/www.chateaudestroissautets.com\/en\/wp-json\/wp\/v2\/users\/1"}],"replies":[{"embeddable":true,"href":"https:\/\/www.chateaudestroissautets.com\/en\/wp-json\/wp\/v2\/comments?post=987785"}],"version-history":[{"count":0,"href":"https:\/\/www.chateaudestroissautets.com\/en\/wp-json\/wp\/v2\/pages\/987785\/revisions"}],"wp:attachment":[{"href":"https:\/\/www.chateaudestroissautets.com\/en\/wp-json\/wp\/v2\/media?parent=987785"}],"curies":[{"name":"wp","href":"https:\/\/api.w.org\/{rel}","templated":true}]}}